{"id":46393,"date":"2025-07-12T19:41:13","date_gmt":"2025-07-12T19:41:13","guid":{"rendered":"https:\/\/getsmile.pt\/?page_id=46393"},"modified":"2026-01-06T14:06:09","modified_gmt":"2026-01-06T14:06:09","slug":"cookie-policy","status":"publish","type":"page","link":"https:\/\/getsmile.pt\/en\/cookie-policy\/","title":{"rendered":"Cookie Policy"},"content":{"rendered":"<h2 class=\"wp-block-heading\">Cookie Policy - GetSmile<\/h2>\n\n\n\n<p><strong>1. What are cookies?<\/strong><\/p>\n\n\n\n<p>Cookies are small text files stored on your device (computer, tablet or mobile phone) when you visit a website. These files make it possible to improve the browsing experience, remember preferences and help the website to function correctly.<\/p>\n\n\n\n<hr class=\"wp-block-separator has-alpha-channel-opacity\"\/>\n\n\n\n<h2 class=\"wp-block-heading\"><strong>2. What cookies do we use?<\/strong><\/h2>\n\n\n\n<p>The website <strong>getsmile.co.uk<\/strong> uses only cookies necessary for its operation, as well as limited functional and analytical cookies, in accordance with the legislation in force (GDPR and Law 41\/2004).<\/p>\n\n\n\n<h3 class=\"wp-block-heading\"><strong>Types of cookies used:<\/strong><\/h3>\n\n\n\n<h3 class=\"wp-block-heading\"><strong>Strictly necessary cookies<\/strong><\/h3>\n\n\n\n<p>Essential for the functioning of the site and cannot be deactivated. They allow, for example:<\/p>\n\n\n\n<ul class=\"wp-block-list\">\n<li>Safe site navigation<\/li>\n\n\n\n<li>Correct functioning of forms<\/li>\n\n\n\n<li>Session management<\/li>\n<\/ul>\n\n\n\n<p>These cookies <strong>do not collect personally identifiable data<\/strong>.<\/p>\n\n\n\n<hr class=\"wp-block-separator has-alpha-channel-opacity\"\/>\n\n\n\n<h3 class=\"wp-block-heading\"><strong>Functional cookies<\/strong><\/h3>\n\n\n\n<p>They make it possible to improve the user experience, such as:<\/p>\n\n\n\n<ul class=\"wp-block-list\">\n<li>Memorise language preferences<\/li>\n\n\n\n<li>Keep options chosen by the user<\/li>\n<\/ul>\n\n\n\n<hr class=\"wp-block-separator has-alpha-channel-opacity\"\/>\n\n\n\n<h3 class=\"wp-block-heading\"><strong>Analytical cookies (if applicable)<\/strong><\/h3>\n\n\n\n<p>They can be used to collect statistical information <strong>anonymised<\/strong> on the use of the website (e.g. pages visited, browsing time), with the sole aim of improving the performance and content of the website.<\/p>\n\n\n\n<blockquote class=\"wp-block-quote is-layout-flow wp-block-quote-is-layout-flow\">\n<p>These cookies are only used with the user's consent, where applicable.<\/p>\n<\/blockquote>\n\n\n\n<p>\ud83d\udc49 These cookies <strong>do not allow the user to be identified<\/strong>.<\/p>\n\n\n\n<hr class=\"wp-block-separator has-alpha-channel-opacity\"\/>\n\n\n\n<h2 class=\"wp-block-heading\"><strong>3. Third-party cookies<\/strong><\/h2>\n\n\n\n<p>The website <strong>getsmile.pt does not share personal data with third parties through cookies<\/strong>.<\/p>\n\n\n\n<p>However, some services integrated into the website (such as external fonts, maps or technical functionalities of WordPress) may use their own technical cookies, always to a limited extent and in accordance with their respective policies.<\/p>\n\n\n\n<hr class=\"wp-block-separator has-alpha-channel-opacity\"\/>\n\n\n\n<h2 class=\"wp-block-heading\"><strong>4. Managing and deactivating cookies<\/strong><\/h2>\n\n\n\n<p>The user can, at any time:<\/p>\n\n\n\n<ul class=\"wp-block-list\">\n<li>Accept or refuse cookies via the banner displayed on the first visit<\/li>\n\n\n\n<li>Configure your browser to block or delete cookies<\/li>\n<\/ul>\n\n\n\n<p>Disabling essential cookies may affect the correct functioning of the website.<\/p>\n\n\n\n<hr class=\"wp-block-separator has-alpha-channel-opacity\"\/>\n\n\n\n<h2 class=\"wp-block-heading\"><strong>5. Protection of personal data<\/strong><\/h2>\n\n\n\n<p>For more information on how we process your personal data, please see our<\/p>\n\n\n\n<p>\ud83d\udc49 <a href=\"https:\/\/getsmile.pt\/en\/privacy-policy\/\"><strong>Privacy Policy<\/strong><\/a><strong><\/strong><\/p>\n\n\n\n<hr class=\"wp-block-separator has-alpha-channel-opacity\"\/>\n\n\n\n<h2 class=\"wp-block-heading\"><strong>6. Updates to this policy<\/strong><\/h2>\n\n\n\n<p>GetSmile may update this Cookie Policy whenever necessary to ensure legal compliance or improvements to the website. We recommend consulting this page periodically.<\/p>\n\n\n\n<hr class=\"wp-block-separator has-alpha-channel-opacity\"\/>\n\n\n\n<h2 class=\"wp-block-heading\"><strong>7. <\/strong><strong>Contacts<\/strong><\/h2>\n\n\n\n<p>\ud83d\udcde <a href=\"tel:\">+351 935 258 999<\/a><\/p>\n\n\n\n<p>\ud83d\udce7 <a href=\"mailto:geral@getsmile.pt\">geral@getsmile.pt<\/a><\/p>","protected":false},"excerpt":{"rendered":"<p>Pol\u00edtica de Cookies \u2013 GetSmile 1. O que s\u00e3o cookies? Cookies s\u00e3o pequenos ficheiros de texto armazenados no seu dispositivo (computador, tablet ou telem\u00f3vel) quando visita um website. Estes ficheiros permitem melhorar a experi\u00eancia de navega\u00e7\u00e3o, recordar prefer\u00eancias e ajudar o site a funcionar corretamente. 2. Que cookies utilizamos? O website getsmile.pt utiliza apenas cookies&#8230;<\/p>","protected":false},"author":2,"featured_media":0,"parent":0,"menu_order":0,"comment_status":"closed","ping_status":"closed","template":"","meta":{"_acf_changed":false,"footnotes":""},"class_list":["post-46393","page","type-page","status-publish","hentry"],"acf":[],"_links":{"self":[{"href":"https:\/\/getsmile.pt\/en\/wp-json\/wp\/v2\/pages\/46393","targetHints":{"allow":["GET"]}}],"collection":[{"href":"https:\/\/getsmile.pt\/en\/wp-json\/wp\/v2\/pages"}],"about":[{"href":"https:\/\/getsmile.pt\/en\/wp-json\/wp\/v2\/types\/page"}],"author":[{"embeddable":true,"href":"https:\/\/getsmile.pt\/en\/wp-json\/wp\/v2\/users\/2"}],"replies":[{"embeddable":true,"href":"https:\/\/getsmile.pt\/en\/wp-json\/wp\/v2\/comments?post=46393"}],"version-history":[{"count":4,"href":"https:\/\/getsmile.pt\/en\/wp-json\/wp\/v2\/pages\/46393\/revisions"}],"predecessor-version":[{"id":46400,"href":"https:\/\/getsmile.pt\/en\/wp-json\/wp\/v2\/pages\/46393\/revisions\/46400"}],"wp:attachment":[{"href":"https:\/\/getsmile.pt\/en\/wp-json\/wp\/v2\/media?parent=46393"}],"curies":[{"name":"wp","href":"https:\/\/api.w.org\/{rel}","templated":true}]}}