{"id":37991,"date":"2024-07-22T14:40:15","date_gmt":"2024-07-22T14:40:15","guid":{"rendered":"https:\/\/theme-dev.cmsmasters.net\/mental-care\/?page_id=37991"},"modified":"2026-01-20T17:53:59","modified_gmt":"2026-01-20T17:53:59","slug":"planification","status":"publish","type":"page","link":"https:\/\/getsmile.pt\/fr\/planification\/","title":{"rendered":"Prendre rendez-vous gratuit"},"content":{"rendered":"<div data-elementor-type=\"wp-page\" data-elementor-id=\"37991\" class=\"elementor elementor-37991\">\n\t\t\t\t<div class=\"elementor-element elementor-element-0d898c9 e-flex e-con-boxed cmsmasters-block-default e-con e-parent\" data-id=\"0d898c9\" data-element_type=\"container\" data-e-type=\"container\">\n\t\t\t\t\t<div class=\"e-con-inner\">\n\t\t<div class=\"elementor-element elementor-element-967da70 e-con-full e-flex cmsmasters-block-default e-con e-child\" data-id=\"967da70\" data-element_type=\"container\" data-e-type=\"container\" data-settings=\"{&quot;background_background&quot;:&quot;gradient&quot;}\">\n\t\t\t\t<div class=\"elementor-element elementor-element-2436b64 cmsmasters-block-default cmsmasters-sticky-default elementor-widget elementor-widget-heading\" data-id=\"2436b64\" data-element_type=\"widget\" data-e-type=\"widget\" data-widget_type=\"heading.default\">\n\t\t\t\t\t<h3 class=\"elementor-heading-title elementor-size-default\">Prendre rendez-vous gratuit<\/h3>\t\t\t\t<\/div>\n\t\t\t\t<div class=\"elementor-element elementor-element-9125db7 cmsmasters-block-default cmsmasters-sticky-default elementor-widget elementor-widget-text-editor\" data-id=\"9125db7\" data-element_type=\"widget\" data-e-type=\"widget\" data-widget_type=\"text-editor.default\">\n\t\t\t\t\t\t\t\t\t<p>R\u00e9servez votre rendez-vous d'\u00e9valuation gratuit et sans obligation.<br \/>Notre \u00e9quipe vous contactera pour confirmer le rendez-vous.<\/p>\t\t\t\t\t\t\t\t<\/div>\n\t\t\t\t<div class=\"elementor-element elementor-element-6f40ac8 cmsmasters-block-default cmsmasters-sticky-default elementor-widget elementor-widget-cmsmasters-forminator\" data-id=\"6f40ac8\" data-element_type=\"widget\" data-e-type=\"widget\" data-settings=\"{&quot;form_list&quot;:&quot;41570&quot;}\" data-widget_type=\"cmsmasters-forminator.default\">\n\t\t\t\t\t<div class=\"elementor-widget-cmsmasters-contact-form__wrapper elementor-widget-cmsmasters-contact-form cmsmasters-default-font\" id=\"cmsmasters-widget-form-6f40ac8\">\r\n\t\t\t<div class=\"elementor-widget-cmsmasters-contact-form__inner\"><div class=\"forminator-ui forminator-custom-form forminator-custom-form-41570 forminator-design--default\" data-forminator-render=\"0\" data-form=\"forminator-module-41570\" data-uid=\"69f212fb2bfea\"><br\/><\/div><form\n\t\t\t\tid=\"forminator-module-41570\"\n\t\t\t\tclass=\"forminator-ui forminator-custom-form forminator-custom-form-41570 forminator-design--default\"\n\t\t\t\tmethod=\"post\"\n\t\t\t\tdata-forminator-render=\"0\"\n\t\t\t\tdata-form-id=\"41570\"\n\t\t\t\t data-color-option=\"theme\" data-design=\"default\" data-grid=\"open\" style=\"display: none;\"\n\t\t\t\tdata-uid=\"69f212fb2bfea\" action=\"\"\n\t\t\t><div role=\"alert\" aria-live=\"polite\" class=\"forminator-response-message forminator-error\" aria-hidden=\"true\"><\/div><div class=\"forminator-row\"><div id=\"name-1\" class=\"forminator-field-name forminator-col forminator-col-12\"><div class=\"forminator-field\"><label for=\"forminator-field-name-1_69f212fb2bfea\" id=\"forminator-field-name-1_69f212fb2bfea-label\" class=\"forminator-label\">Nom <span class=\"forminator-required\">*<\/span><\/label><input type=\"text\" name=\"name-1\" value=\"\" placeholder=\"Ex : Jo\u00e3o Silva\" id=\"forminator-field-name-1_69f212fb2bfea\" class=\"forminator-input forminator-name--field\" aria-required=\"true\" autocomplete=\"off\" \/><\/div><\/div><\/div><div class=\"forminator-row\"><div id=\"email-1\" class=\"forminator-field-email forminator-col forminator-col-12\"><div class=\"forminator-field\"><label for=\"forminator-field-email-1_69f212fb2bfea\" id=\"forminator-field-email-1_69f212fb2bfea-label\" class=\"forminator-label\">Adresse \u00e9lectronique <span class=\"forminator-required\">*<\/span><\/label><input type=\"email\" name=\"email-1\" value=\"\" placeholder=\"Courriel\" id=\"forminator-field-email-1_69f212fb2bfea\" class=\"forminator-input forminator-email--field\" data-required=\"1\" aria-required=\"true\" autocomplete=\"email\" \/><\/div><\/div><\/div><div class=\"forminator-row\"><div id=\"phone-1\" class=\"forminator-field-phone forminator-col forminator-col-12\"><div class=\"forminator-field\"><label for=\"forminator-field-phone-1_69f212fb2bfea\" id=\"forminator-field-phone-1_69f212fb2bfea-label\" class=\"forminator-label\">T\u00e9l\u00e9phone portable <span class=\"forminator-required\">*<\/span><\/label><input type=\"text\" name=\"phone-1\" value=\"\" placeholder=\"9XXXXXX\" id=\"forminator-field-phone-1_69f212fb2bfea\" class=\"forminator-input forminator-field--phone\" data-required=\"1\" aria-required=\"true\" autocomplete=\"off\" data-national_mode=\"enabled\" data-country=\"pt\" data-validation=\"standard\" \/><\/div><\/div><\/div><div class=\"forminator-row\"><div id=\"select-1\" class=\"forminator-field-select forminator-col forminator-col-12\"><div class=\"forminator-field\"><label for=\"forminator-form-41570__field--select-1_69f212fb2bfea\" id=\"forminator-form-41570__field--select-1_69f212fb2bfea-label\" class=\"forminator-label\">Traitement <span class=\"forminator-required\">*<\/span><\/label><select  id=\"forminator-form-41570__field--select-1_69f212fb2bfea\" class=\"forminator-select--field forminator-select2 forminator-select2-multiple\" data-required=\"1\" name=\"select-1\" data-default-value=\"Primeira-Consulta\" data-placeholder=\"Tratamento\" data-search=\"false\" data-search-placeholder=\"Tratamento\" data-checkbox=\"false\" data-allow-clear=\"false\" aria-labelledby=\"forminator-form-41570__field--select-1_69f212fb2bfea-label\"><option value=\"\"  >Traitement<\/option><option value=\"Primeira-Consulta\" selected=\"selected\" data-calculation=\"0\">Premi\u00e8re consultation<\/option><option value=\"Aparelhos-Dent\u00e1rios\"  data-calculation=\"0\">Appareils dentaires<\/option><option value=\"invisalign\"  data-calculation=\"0\">Invisalign\u00ae<\/option><option value=\"Implantes Dent\u00e1rios\"  data-calculation=\"0\">Implants dentaires<\/option><option value=\"Branqueamento-Dent\u00e1rio\"  data-calculation=\"0\">Blanchiment dentaire<\/option><option value=\"Endodontia-(Desvitaliza\u00e7\u00e3o)\"  data-calculation=\"0\">Endodontie (d\u00e9vitalisation)<\/option><option value=\"Facetas-Dent\u00e1rias\"  data-calculation=\"0\">Facettes dentaires<\/option><option value=\"Coroas-e-Reabilita\u00e7\u00e3o-Oral\"  data-calculation=\"0\">Couronnes et r\u00e9habilitation orale<\/option><option value=\"Outros\"  data-calculation=\"0\">Autres<\/option><\/select><\/div><\/div><\/div><div class=\"forminator-row\"><div id=\"select-2\" class=\"forminator-field-select forminator-col forminator-col-12\"><div class=\"forminator-field\"><label for=\"forminator-form-41570__field--select-2_69f212fb2bfea\" id=\"forminator-form-41570__field--select-2_69f212fb2bfea-label\" class=\"forminator-label\">Clinique \/ Lieu <span class=\"forminator-required\">*<\/span><\/label><select  id=\"forminator-form-41570__field--select-2_69f212fb2bfea\" class=\"forminator-select--field forminator-select2 forminator-select2-multiple\" data-required=\"1\" name=\"select-2\" data-default-value=\"\" data-hidden-behavior=\"zero\" data-placeholder=\"Selecione uma cl\u00ednica\" data-search=\"false\" data-search-placeholder=\"Selecione uma cl\u00ednica\" data-checkbox=\"false\" data-allow-clear=\"false\" aria-labelledby=\"forminator-form-41570__field--select-2_69f212fb2bfea-label\"><option value=\"\"  >S\u00e9lectionner une clinique<\/option><option value=\"Olivais\"  data-calculation=\"0\">Oliveraies<\/option><option value=\"Moscavide\"  data-calculation=\"0\">Moscavide<\/option><option value=\"Almada\"  data-calculation=\"0\">Almada<\/option><\/select><\/div><\/div><\/div><div class=\"forminator-row\"><div id=\"consent-1\" class=\"forminator-field-consent forminator-col forminator-col-12\"><div class=\"forminator-field\"><label for=\"forminator-field-consent-1_69f212fb2bfea\" id=\"forminator-field-consent-1_69f212fb2bfea-label\" class=\"forminator-label\">Consentement<\/label><div class=\"forminator-checkbox__wrapper\"><label id=\"forminator-field-consent-1_69f212fb2bfea__label\" class=\"forminator-checkbox forminator-consent\"><input type=\"checkbox\" name=\"consent-1\" id=\"forminator-field-consent-1_69f212fb2bfea\" value=\"checked\" aria-labelledby=\"forminator-field-consent-1_69f212fb2bfea-label\" aria-describedby=\"forminator-field-consent-1_69f212fb2bfea__description\" data-required=\"false\" aria-required=\"false\" \/><span class=\"forminator-checkbox-box\" aria-hidden=\"true\"><\/span><\/label><div id=\"forminator-field-consent-1_69f212fb2bfea__description\" class=\"forminator-checkbox__label forminator-consent__label\"><p>J'accepte de recevoir des communications de GetSmile.<\/p><\/div><\/div><\/div><\/div><\/div><input type=\"hidden\" name=\"referer_url\" value=\"\" \/><div class=\"forminator-row forminator-row-last\"><div class=\"forminator-col\"><div class=\"forminator-field\"><button class=\"forminator-button forminator-button-submit\">Confirmer la demande d'information<\/button><\/div><\/div><\/div><input type=\"hidden\" id=\"forminator_nonce\" name=\"forminator_nonce\" value=\"7fe5d03935\" \/><input type=\"hidden\" name=\"_wp_http_referer\" value=\"\/fr\/wp-json\/wp\/v2\/pages\/37991\" \/><input type=\"hidden\" name=\"form_id\" value=\"41570\"><input type=\"hidden\" name=\"page_id\" value=\"37991\"><input type=\"hidden\" name=\"form_type\" value=\"default\"><input type=\"hidden\" name=\"current_url\" value=\"https:\/\/getsmile.pt\/fr\/planification\/\"><input type=\"hidden\" name=\"render_id\" value=\"0\"><input type=\"hidden\" name=\"action\" value=\"forminator_submit_form_custom-forms\"><label for=\"input_7\" class=\"forminator-hidden\" aria-hidden=\"true\">Ne vous privez pas de ce champion. <input id=\"input_7\" type=\"text\" name=\"input_7\" value=\"\" autocomplete=\"off\"><\/label><input type=\"hidden\" name=\"trp-form-language\" value=\"fr\"\/><\/form><\/div>\r\n\t\t<\/div>\t\t\t\t<\/div>\n\t\t\t\t<\/div>\n\t\t<div class=\"elementor-element elementor-element-29b2a3a e-con-full e-flex cmsmasters-bg-hide-none cmsmasters-bg-hide-none cmsmasters-block-default e-con e-child\" data-id=\"29b2a3a\" data-element_type=\"container\" data-e-type=\"container\" data-settings=\"{&quot;background_background&quot;:&quot;classic&quot;}\">\n\t\t\t\t<div class=\"elementor-element elementor-element-6c3b885 cmsmasters-block-default cmsmasters-sticky-default elementor-widget elementor-widget-spacer\" data-id=\"6c3b885\" data-element_type=\"widget\" data-e-type=\"widget\" data-widget_type=\"spacer.default\">\n\t\t\t\t\t\t\t<div class=\"elementor-spacer\">\n\t\t\t<div class=\"elementor-spacer-inner\"><\/div>\n\t\t<\/div>\n\t\t\t\t\t\t<\/div>\n\t\t\t\t<\/div>\n\t\t\t\t\t<\/div>\n\t\t\t\t<\/div>\n\t\t\t\t<\/div>","protected":false},"excerpt":{"rendered":"<p>Marcar Consulta Marque a sua consulta de avalia\u00e7\u00e3o, sem compromisso.A nossa equipa entrar\u00e1 em contacto consigo para confirmar o agendamento.<\/p>","protected":false},"author":2,"featured_media":0,"parent":0,"menu_order":0,"comment_status":"closed","ping_status":"closed","template":"","meta":{"_acf_changed":false,"footnotes":""},"class_list":["post-37991","page","type-page","status-publish","hentry"],"acf":[],"_links":{"self":[{"href":"https:\/\/getsmile.pt\/fr\/wp-json\/wp\/v2\/pages\/37991","targetHints":{"allow":["GET"]}}],"collection":[{"href":"https:\/\/getsmile.pt\/fr\/wp-json\/wp\/v2\/pages"}],"about":[{"href":"https:\/\/getsmile.pt\/fr\/wp-json\/wp\/v2\/types\/page"}],"author":[{"embeddable":true,"href":"https:\/\/getsmile.pt\/fr\/wp-json\/wp\/v2\/users\/2"}],"replies":[{"embeddable":true,"href":"https:\/\/getsmile.pt\/fr\/wp-json\/wp\/v2\/comments?post=37991"}],"version-history":[{"count":61,"href":"https:\/\/getsmile.pt\/fr\/wp-json\/wp\/v2\/pages\/37991\/revisions"}],"predecessor-version":[{"id":47067,"href":"https:\/\/getsmile.pt\/fr\/wp-json\/wp\/v2\/pages\/37991\/revisions\/47067"}],"wp:attachment":[{"href":"https:\/\/getsmile.pt\/fr\/wp-json\/wp\/v2\/media?parent=37991"}],"curies":[{"name":"wp","href":"https:\/\/api.w.org\/{rel}","templated":true}]}}