{"id":46393,"date":"2025-07-12T19:41:13","date_gmt":"2025-07-12T19:41:13","guid":{"rendered":"https:\/\/getsmile.pt\/?page_id=46393"},"modified":"2026-01-06T14:06:09","modified_gmt":"2026-01-06T14:06:09","slug":"politique-en-matiere-de-cookies","status":"publish","type":"page","link":"https:\/\/getsmile.pt\/fr\/politique-en-matiere-de-cookies\/","title":{"rendered":"Politique en mati\u00e8re de cookies"},"content":{"rendered":"<h2 class=\"wp-block-heading\">Politique en mati\u00e8re de cookies - GetSmile<\/h2>\n\n\n\n<p><strong>1. Qu'est-ce qu'un cookie ?<\/strong><\/p>\n\n\n\n<p>Les cookies sont de petits fichiers texte stock\u00e9s sur votre appareil (ordinateur, tablette ou t\u00e9l\u00e9phone portable) lorsque vous visitez un site web. Ces fichiers permettent d'am\u00e9liorer l'exp\u00e9rience de navigation, de m\u00e9moriser les pr\u00e9f\u00e9rences et d'aider le site web \u00e0 fonctionner correctement.<\/p>\n\n\n\n<hr class=\"wp-block-separator has-alpha-channel-opacity\"\/>\n\n\n\n<h2 class=\"wp-block-heading\"><strong>2. Quels sont les cookies que nous utilisons ?<\/strong><\/h2>\n\n\n\n<p>Le site web <strong>getsmile.co.uk<\/strong> n'utilise que les cookies n\u00e9cessaires \u00e0 son fonctionnement, ainsi que des cookies fonctionnels et analytiques limit\u00e9s, conform\u00e9ment \u00e0 la l\u00e9gislation en vigueur (GDPR et loi 41\/2004).<\/p>\n\n\n\n<h3 class=\"wp-block-heading\"><strong>Types de cookies utilis\u00e9s :<\/strong><\/h3>\n\n\n\n<h3 class=\"wp-block-heading\"><strong>Cookies strictement n\u00e9cessaires<\/strong><\/h3>\n\n\n\n<p>Ils sont essentiels au fonctionnement du site et ne peuvent \u00eatre d\u00e9sactiv\u00e9s. Ils permettent, par exemple, de<\/p>\n\n\n\n<ul class=\"wp-block-list\">\n<li>Navigation s\u00fbre sur le site<\/li>\n\n\n\n<li>Fonctionnement correct des formulaires<\/li>\n\n\n\n<li>Gestion des sessions<\/li>\n<\/ul>\n\n\n\n<p>Ces biscuits <strong>ne collectent pas de donn\u00e9es personnelles identifiables<\/strong>.<\/p>\n\n\n\n<hr class=\"wp-block-separator has-alpha-channel-opacity\"\/>\n\n\n\n<h3 class=\"wp-block-heading\"><strong>Cookies fonctionnels<\/strong><\/h3>\n\n\n\n<p>Ils permettent d'am\u00e9liorer l'exp\u00e9rience de l'utilisateur, par exemple :<\/p>\n\n\n\n<ul class=\"wp-block-list\">\n<li>M\u00e9moriser les pr\u00e9f\u00e9rences linguistiques<\/li>\n\n\n\n<li>Conserver les options choisies par l'utilisateur<\/li>\n<\/ul>\n\n\n\n<hr class=\"wp-block-separator has-alpha-channel-opacity\"\/>\n\n\n\n<h3 class=\"wp-block-heading\"><strong>Cookies analytiques (le cas \u00e9ch\u00e9ant)<\/strong><\/h3>\n\n\n\n<p>Ils peuvent \u00eatre utilis\u00e9s pour collecter des informations statistiques <strong>anonyme<\/strong> sur l'utilisation du site web (par exemple, les pages visit\u00e9es, le temps de navigation), dans le seul but d'am\u00e9liorer la performance et le contenu du site web.<\/p>\n\n\n\n<blockquote class=\"wp-block-quote is-layout-flow wp-block-quote-is-layout-flow\">\n<p>Ces cookies ne sont utilis\u00e9s qu'avec le consentement de l'utilisateur, le cas \u00e9ch\u00e9ant.<\/p>\n<\/blockquote>\n\n\n\n<p>\ud83d\udc49 Ces cookies <strong>ne pas permettre l'identification de l'utilisateur<\/strong>.<\/p>\n\n\n\n<hr class=\"wp-block-separator has-alpha-channel-opacity\"\/>\n\n\n\n<h2 class=\"wp-block-heading\"><strong>3. Cookies de tiers<\/strong><\/h2>\n\n\n\n<p>Le site web <strong>getsmile.pt ne partage pas de donn\u00e9es personnelles avec des tiers par le biais de cookies.<\/strong>.<\/p>\n\n\n\n<p>Toutefois, certains services int\u00e9gr\u00e9s au site web (tels que les polices externes, les cartes ou les fonctionnalit\u00e9s techniques de WordPress) peuvent utiliser leurs propres cookies techniques, toujours dans une mesure limit\u00e9e et conform\u00e9ment \u00e0 leurs politiques respectives.<\/p>\n\n\n\n<hr class=\"wp-block-separator has-alpha-channel-opacity\"\/>\n\n\n\n<h2 class=\"wp-block-heading\"><strong>4. Gestion et d\u00e9sactivation des cookies<\/strong><\/h2>\n\n\n\n<p>L'utilisateur peut, \u00e0 tout moment :<\/p>\n\n\n\n<ul class=\"wp-block-list\">\n<li>Accepter ou refuser les cookies via la banni\u00e8re affich\u00e9e lors de la premi\u00e8re visite<\/li>\n\n\n\n<li>Configurez votre navigateur pour bloquer ou supprimer les cookies<\/li>\n<\/ul>\n\n\n\n<p>La d\u00e9sactivation des cookies essentiels peut affecter le bon fonctionnement du site web.<\/p>\n\n\n\n<hr class=\"wp-block-separator has-alpha-channel-opacity\"\/>\n\n\n\n<h2 class=\"wp-block-heading\"><strong>5. Protection des donn\u00e9es \u00e0 caract\u00e8re personnel<\/strong><\/h2>\n\n\n\n<p>Pour plus d'informations sur la mani\u00e8re dont nous traitons vos donn\u00e9es \u00e0 caract\u00e8re personnel, veuillez consulter notre site web.<\/p>\n\n\n\n<p>\ud83d\udc49 <a href=\"https:\/\/getsmile.pt\/fr\/politique-de-confidentialite\/\"><strong>Politique de confidentialit\u00e9<\/strong><\/a><strong><\/strong><\/p>\n\n\n\n<hr class=\"wp-block-separator has-alpha-channel-opacity\"\/>\n\n\n\n<h2 class=\"wp-block-heading\"><strong>6. Mises \u00e0 jour de la pr\u00e9sente politique<\/strong><\/h2>\n\n\n\n<p>GetSmile peut mettre \u00e0 jour cette politique en mati\u00e8re de cookies chaque fois que cela est n\u00e9cessaire pour assurer la conformit\u00e9 l\u00e9gale ou l'am\u00e9lioration du site Web. Nous vous recommandons de consulter cette page r\u00e9guli\u00e8rement.<\/p>\n\n\n\n<hr class=\"wp-block-separator has-alpha-channel-opacity\"\/>\n\n\n\n<h2 class=\"wp-block-heading\"><strong>7. <\/strong><strong>Contacts<\/strong><\/h2>\n\n\n\n<p>\ud83d\udcde <a href=\"tel:\">+351 935 258 999<\/a><\/p>\n\n\n\n<p>\ud83d\udce7 <a href=\"mailto:geral@getsmile.pt\">geral@getsmile.pt<\/a><\/p>","protected":false},"excerpt":{"rendered":"<p>Pol\u00edtica de Cookies \u2013 GetSmile 1. O que s\u00e3o cookies? Cookies s\u00e3o pequenos ficheiros de texto armazenados no seu dispositivo (computador, tablet ou telem\u00f3vel) quando visita um website. Estes ficheiros permitem melhorar a experi\u00eancia de navega\u00e7\u00e3o, recordar prefer\u00eancias e ajudar o site a funcionar corretamente. 2. Que cookies utilizamos? O website getsmile.pt utiliza apenas cookies&#8230;<\/p>","protected":false},"author":2,"featured_media":0,"parent":0,"menu_order":0,"comment_status":"closed","ping_status":"closed","template":"","meta":{"_acf_changed":false,"footnotes":""},"class_list":["post-46393","page","type-page","status-publish","hentry"],"acf":[],"_links":{"self":[{"href":"https:\/\/getsmile.pt\/fr\/wp-json\/wp\/v2\/pages\/46393","targetHints":{"allow":["GET"]}}],"collection":[{"href":"https:\/\/getsmile.pt\/fr\/wp-json\/wp\/v2\/pages"}],"about":[{"href":"https:\/\/getsmile.pt\/fr\/wp-json\/wp\/v2\/types\/page"}],"author":[{"embeddable":true,"href":"https:\/\/getsmile.pt\/fr\/wp-json\/wp\/v2\/users\/2"}],"replies":[{"embeddable":true,"href":"https:\/\/getsmile.pt\/fr\/wp-json\/wp\/v2\/comments?post=46393"}],"version-history":[{"count":4,"href":"https:\/\/getsmile.pt\/fr\/wp-json\/wp\/v2\/pages\/46393\/revisions"}],"predecessor-version":[{"id":46400,"href":"https:\/\/getsmile.pt\/fr\/wp-json\/wp\/v2\/pages\/46393\/revisions\/46400"}],"wp:attachment":[{"href":"https:\/\/getsmile.pt\/fr\/wp-json\/wp\/v2\/media?parent=46393"}],"curies":[{"name":"wp","href":"https:\/\/api.w.org\/{rel}","templated":true}]}}