{"id":46871,"date":"2026-01-06T09:39:27","date_gmt":"2026-01-06T09:39:27","guid":{"rendered":"https:\/\/getsmile.pt\/?page_id=46871"},"modified":"2026-01-10T18:28:06","modified_gmt":"2026-01-10T18:28:06","slug":"travailler-avec-nous","status":"publish","type":"page","link":"https:\/\/getsmile.pt\/fr\/travailler-avec-nous\/","title":{"rendered":"Travailler avec nous"},"content":{"rendered":"<div data-elementor-type=\"wp-page\" data-elementor-id=\"46871\" class=\"elementor elementor-46871\">\n\t\t\t\t<div class=\"elementor-element elementor-element-a93e018 e-flex e-con-boxed cmsmasters-block-default e-con e-parent\" data-id=\"a93e018\" data-element_type=\"container\" data-e-type=\"container\">\n\t\t\t\t\t<div class=\"e-con-inner\">\n\t\t<div class=\"elementor-element elementor-element-8ab0e6e e-con-full e-flex cmsmasters-block-default e-con e-child\" data-id=\"8ab0e6e\" data-element_type=\"container\" data-e-type=\"container\">\n\t\t\t\t<div class=\"elementor-element elementor-element-d8f929f cmsmasters-block-default cmsmasters-sticky-default elementor-widget elementor-widget-image\" data-id=\"d8f929f\" data-element_type=\"widget\" data-e-type=\"widget\" data-widget_type=\"image.default\">\n\t\t\t\t\t\t\t\t\t\t\t\t\t\t\t<img fetchpriority=\"high\" decoding=\"async\" width=\"1180\" height=\"1400\" src=\"https:\/\/getsmile.pt\/wp-content\/uploads\/2026\/01\/contacts-4-1.webp\" class=\"attachment-full size-full wp-image-46520\" alt=\"\" srcset=\"https:\/\/getsmile.pt\/wp-content\/uploads\/2026\/01\/contacts-4-1.webp 1180w, https:\/\/getsmile.pt\/wp-content\/uploads\/2026\/01\/contacts-4-1-253x300.webp 253w, https:\/\/getsmile.pt\/wp-content\/uploads\/2026\/01\/contacts-4-1-863x1024.webp 863w, https:\/\/getsmile.pt\/wp-content\/uploads\/2026\/01\/contacts-4-1-768x911.webp 768w, https:\/\/getsmile.pt\/wp-content\/uploads\/2026\/01\/contacts-4-1-10x12.webp 10w, https:\/\/getsmile.pt\/wp-content\/uploads\/2026\/01\/contacts-4-1-600x712.webp 600w\" sizes=\"(max-width: 1180px) 100vw, 1180px\" \/>\t\t\t\t\t\t\t\t\t\t\t\t\t\t\t<\/div>\n\t\t\t\t<\/div>\n\t\t<div class=\"elementor-element elementor-element-19d3809 e-con-full e-flex cmsmasters-block-default e-con e-child\" data-id=\"19d3809\" data-element_type=\"container\" data-e-type=\"container\">\n\t\t\t\t<div class=\"elementor-element elementor-element-99533cb cmsmasters-block-default cmsmasters-sticky-default elementor-widget elementor-widget-heading\" data-id=\"99533cb\" data-element_type=\"widget\" data-e-type=\"widget\" data-widget_type=\"heading.default\">\n\t\t\t\t\t<h2 class=\"elementor-heading-title elementor-size-default\">Travailler avec nous<\/h2>\t\t\t\t<\/div>\n\t\t\t\t<div class=\"elementor-element elementor-element-ba1b987 cmsmasters-block-default cmsmasters-sticky-default elementor-widget elementor-widget-text-editor\" data-id=\"ba1b987\" data-element_type=\"widget\" data-e-type=\"widget\" data-widget_type=\"text-editor.default\">\n\t\t\t\t\t\t\t\t\t<p data-start=\"526\" data-end=\"616\">GetSmile est en croissance constante et recherche des professionnels d\u00e9vou\u00e9s \u00e0 la sant\u00e9 bucco-dentaire.<\/p><p data-start=\"623\" data-end=\"788\">Si vous souhaitez rejoindre une \u00e9quipe ax\u00e9e sur la qualit\u00e9 clinique, les soins aux patients et le travail d'\u00e9quipe, envoyez votre candidature en utilisant le formulaire ci-dessous.<\/p>\t\t\t\t\t\t\t\t<\/div>\n\t\t\t\t<div class=\"elementor-element elementor-element-b73baca cmsmasters-block-default cmsmasters-sticky-default elementor-widget elementor-widget-cmsmasters-button\" data-id=\"b73baca\" data-element_type=\"widget\" data-e-type=\"widget\" data-widget_type=\"cmsmasters-button.default\">\n\t\t\t\t\t<div class=\"elementor-widget-cmsmasters-button__button-container\"><div class=\"elementor-widget-cmsmasters-button__button-container-inner\"><a href=\"#cv\" class=\"cmsmasters-button-link elementor-widget-cmsmasters-button__button cmsmasters-icon-view- cmsmasters-icon-shape- cmsmasters-button-size-sm\" role=\"button\" tabindex=\"0\"><span class=\"elementor-widget-cmsmasters-button__content-wrapper cmsmasters-align-icon-\"><span class=\"elementor-widget-cmsmasters-button__text\">Rejoindre l'\u00e9quipe GetSmile<\/span><\/span><\/a><\/div><\/div>\t\t\t\t<\/div>\n\t\t\t\t<\/div>\n\t\t\t\t\t<\/div>\n\t\t\t\t<\/div>\n\t\t<div class=\"elementor-element elementor-element-b78ba65 e-flex e-con-boxed cmsmasters-block-default e-con e-parent\" data-id=\"b78ba65\" data-element_type=\"container\" data-e-type=\"container\" id=\"cv\">\n\t\t\t\t\t<div class=\"e-con-inner\">\n\t\t<div class=\"elementor-element elementor-element-3a1e913 e-con-full animated-fast e-flex cmsmasters-block-default elementor-invisible e-con e-child\" data-id=\"3a1e913\" data-element_type=\"container\" data-e-type=\"container\" data-settings=\"{&quot;background_background&quot;:&quot;classic&quot;,&quot;animation&quot;:&quot;cmsmasters-pop-in&quot;}\">\n\t\t<div class=\"elementor-element elementor-element-0111e2a e-con-full e-flex cmsmasters-block-default e-con e-child\" data-id=\"0111e2a\" data-element_type=\"container\" data-e-type=\"container\" data-settings=\"{&quot;background_background&quot;:&quot;classic&quot;}\">\n\t\t\t\t<div class=\"elementor-element elementor-element-fe08443 cmsmasters-block-default cmsmasters-sticky-default elementor-invisible elementor-widget elementor-widget-heading\" data-id=\"fe08443\" data-element_type=\"widget\" data-e-type=\"widget\" data-settings=\"{&quot;_animation&quot;:&quot;cmsmasters-fade-in-up&quot;,&quot;_animation_delay&quot;:200}\" data-widget_type=\"heading.default\">\n\t\t\t\t\t<h3 class=\"elementor-heading-title elementor-size-default\">Rejoindre<br>L'\u00e9quipe GetSmile<\/h3>\t\t\t\t<\/div>\n\t\t\t\t<div class=\"elementor-element elementor-element-8bb2339 elementor-widget__width-inherit cmsmasters-block-default cmsmasters-sticky-default elementor-invisible elementor-widget elementor-widget-cmsmasters-forminator\" data-id=\"8bb2339\" data-element_type=\"widget\" data-e-type=\"widget\" data-settings=\"{&quot;form_list&quot;:&quot;46507&quot;,&quot;_animation&quot;:&quot;cmsmasters-fade-in-up&quot;,&quot;_animation_delay&quot;:600}\" data-widget_type=\"cmsmasters-forminator.default\">\n\t\t\t\t\t<div class=\"elementor-widget-cmsmasters-contact-form__wrapper elementor-widget-cmsmasters-contact-form cmsmasters-default-color cmsmasters-default-font\" id=\"cmsmasters-widget-form-8bb2339\">\r\n\t\t\t<div class=\"elementor-widget-cmsmasters-contact-form__inner\"><form id=\"forminator-module-46507\" class=\"forminator-custom-form forminator-custom-form-46507\" method=\"post\" data-forminator-render=\"0\" data-uid=\"69dd0ee22da36\" action=\"\"><div role=\"alert\" aria-live=\"polite\" class=\"forminator-response-message forminator-error\" aria-hidden=\"true\"><\/div><input type=\"hidden\" name=\"trp-form-language\" value=\"fr\"\/><\/form><\/div>\r\n\t\t<\/div>\t\t\t\t<\/div>\n\t\t\t\t<\/div>\n\t\t\t\t<\/div>\n\t\t\t\t\t<\/div>\n\t\t\t\t<\/div>\n\t\t\t\t<\/div>","protected":false},"excerpt":{"rendered":"<p>Trabalhe Connosco\u200b A GetSmile est\u00e1 em constante crescimento e procura profissionais dedicados \u00e0 sa\u00fade oral. Se pretende integrar uma equipa focada na qualidade cl\u00ednica, no cuidado com o paciente e no trabalho em equipa, envie a sua candidatura atrav\u00e9s do formul\u00e1rio abaixo. Junte-se \u00e0 equipa GetSmile Junte-se \u00e0equipa GetSmile<\/p>","protected":false},"author":3,"featured_media":0,"parent":0,"menu_order":0,"comment_status":"closed","ping_status":"closed","template":"","meta":{"_acf_changed":false,"footnotes":""},"class_list":["post-46871","page","type-page","status-publish","hentry"],"acf":[],"_links":{"self":[{"href":"https:\/\/getsmile.pt\/fr\/wp-json\/wp\/v2\/pages\/46871","targetHints":{"allow":["GET"]}}],"collection":[{"href":"https:\/\/getsmile.pt\/fr\/wp-json\/wp\/v2\/pages"}],"about":[{"href":"https:\/\/getsmile.pt\/fr\/wp-json\/wp\/v2\/types\/page"}],"author":[{"embeddable":true,"href":"https:\/\/getsmile.pt\/fr\/wp-json\/wp\/v2\/users\/3"}],"replies":[{"embeddable":true,"href":"https:\/\/getsmile.pt\/fr\/wp-json\/wp\/v2\/comments?post=46871"}],"version-history":[{"count":47,"href":"https:\/\/getsmile.pt\/fr\/wp-json\/wp\/v2\/pages\/46871\/revisions"}],"predecessor-version":[{"id":47026,"href":"https:\/\/getsmile.pt\/fr\/wp-json\/wp\/v2\/pages\/46871\/revisions\/47026"}],"wp:attachment":[{"href":"https:\/\/getsmile.pt\/fr\/wp-json\/wp\/v2\/media?parent=46871"}],"curies":[{"name":"wp","href":"https:\/\/api.w.org\/{rel}","templated":true}]}}